{"id":1387,"date":"2014-03-05T12:16:00","date_gmt":"2014-03-05T11:16:00","guid":{"rendered":"http:\/\/www.secret-air.net\/wordpress\/?page_id=1387"},"modified":"2021-01-13T18:08:20","modified_gmt":"2021-01-13T17:08:20","slug":"temoignages","status":"publish","type":"page","link":"http:\/\/www.secret-air.net\/wordpress\/?page_id=1387","title":{"rendered":"T\u00e9moignages"},"content":{"rendered":"<div class=\"art-content-layout-wrapper layout-item-0\">\n<div class=\"art-content-layout\">\n<div class=\"art-content-layout-row\">\n<div class=\"art-layout-cell layout-item-1\" style=\"width: 33%;\">\n<p style=\"text-align: center;\"><a style=\"font-size: inherit;\" href=\"http:\/\/biofar-consulting.\"><img loading=\"lazy\" style=\"margin-top: 0px;\" src=\"http:\/\/www.secret-air.net\/wordpress\/wp-content\/uploads\/2014\/03\/logo-Biofar3.png\" alt=\"\" width=\"169\" height=\"93\" \/><\/a><\/p>\n<\/div>\n<\/div>\n<\/div>\n<\/div>\n\n\n<p><em>\u00ab J\u2019ai trouv\u00e9 en Karine la personne id\u00e9ale pour m\u2019aider dans la gestion des t\u00e2ches<br>administratives mais aussi dans la n\u00e9gociation tarifaire avec des fournisseurs<br>de service et dans les autres t\u00e2ches que j\u2019ai pu lui confier. Son s\u00e9rieux, son<br>autonomie et son sens du travail bien fait font d\u2019elle une collaboratrice de qualit\u00e9. Elle sait prendre de bonnes<br>initiatives et s\u2019adapte rapidement \u00e0 tous types de demandes. Je suis vraiment<br>ravie de travailler avec Karine.\u00bb \u00a0<\/em><\/p>\n\n\n\n<div class=\"wp-block-columns\">\n<div class=\"wp-block-column\"><\/div>\n<\/div>\n\n\n\n<div class=\"wp-block-image\"><figure class=\"aligncenter size-large\"><a href=\"http:\/\/www.secret-air.net\/wordpress\/wp-content\/uploads\/2014\/03\/slideBalls_01122.jpg\"><img loading=\"lazy\" width=\"144\" height=\"86\" src=\"http:\/\/www.secret-air.net\/wordpress\/wp-content\/uploads\/2014\/03\/slideBalls_01122.jpg\" alt=\"\" class=\"wp-image-1374\"\/><\/a><\/figure><\/div>\n\n\n\n<p>\u00ab\u00a0Secr\u00e9t.@ir est une force d\u2019appoint essentielle \u00e0 la bonne gestion de mon activit\u00e9. Toujours tr\u00e8s r\u00e9active, Karine tient \u00e0 jour mes\u00a0d\u00e9penses\u00a0fournisseurs me permettant de g\u00e9rer au mieux ma tr\u00e9sorerie.\u00a0\u00bb<\/p>\n\n\n\n<p><\/p>\n\n\n\n<div class=\"wp-block-image\"><figure class=\"aligncenter size-large\"><a href=\"http:\/\/www.secret-air.net\/wordpress\/wp-content\/uploads\/2021\/01\/image.jpeg\"><img loading=\"lazy\" width=\"143\" height=\"89\" src=\"http:\/\/www.secret-air.net\/wordpress\/wp-content\/uploads\/2021\/01\/image.jpeg\" alt=\"\" class=\"wp-image-1572\"\/><\/a><\/figure><\/div>\n\n\n\n<p>\u00abAppel\u00e9e pour un besoin ponctuel, Karine, gr\u00e2ce \u00e0 son professionnalisme, travaille aujourd&rsquo;hui r\u00e9guli\u00e8rement dans notre garage et participe ainsi \u00e0 la bonne tenue de notre quotidien.&nbsp;\u00bb<\/p>\n\n\n\n<div class=\"wp-block-image\"><figure class=\"aligncenter size-large\"><a href=\"http:\/\/www.secret-air.net\/wordpress\/wp-content\/uploads\/2014\/03\/slideBalls_01132.jpg\"><img loading=\"lazy\" width=\"144\" height=\"86\" src=\"http:\/\/www.secret-air.net\/wordpress\/wp-content\/uploads\/2014\/03\/slideBalls_01132.jpg\" alt=\"\" class=\"wp-image-1375\"\/><\/a><\/figure><\/div>\n\n\n\n<p><em>\u00ab&nbsp;Je fais r\u00e9guli\u00e8rement appel aux<br>services de Karine Delevall\u00e9 pour me seconder sur divers t\u00e2ches administratives<br>et je ne peux que la recommander. C\u2019est une personne agr\u00e9able dot\u00e9e d\u2019un tr\u00e8s<br>bon sens du contact. Si je devais choisir trois mots pour d\u00e9crire ses<br>principales comp\u00e9tences, ils seraient, r\u00e9activit\u00e9, organisation et<br>professionnalisme !&nbsp;\u00bb<\/em><\/p>\n","protected":false},"excerpt":{"rendered":"<p class=\"qua-blog-post-description\">\u00ab J\u2019ai trouv\u00e9 en Karine la personne id\u00e9ale pour m\u2019aider dans la gestion des t\u00e2chesadministratives mais aussi dans la n\u00e9gociation tarifaire avec des fournisseursde service et dans les autres t\u00e2ches que j\u2019ai pu lui confier. Son s\u00e9rieux, sonautonomie et son sens du travail bien fait font d\u2019elle une collaboratrice de qualit\u00e9. Elle sait prendre de<\/p>\n<p class=\"qua-blog-post-description\"><a href=\"http:\/\/www.secret-air.net\/wordpress\/?page_id=1387#more-1387\" class=\"more-link\">Lire la suite<\/a><\/p>\n","protected":false},"author":1,"featured_media":0,"parent":0,"menu_order":8,"comment_status":"closed","ping_status":"closed","template":"","meta":[],"_links":{"self":[{"href":"http:\/\/www.secret-air.net\/wordpress\/index.php?rest_route=\/wp\/v2\/pages\/1387"}],"collection":[{"href":"http:\/\/www.secret-air.net\/wordpress\/index.php?rest_route=\/wp\/v2\/pages"}],"about":[{"href":"http:\/\/www.secret-air.net\/wordpress\/index.php?rest_route=\/wp\/v2\/types\/page"}],"author":[{"embeddable":true,"href":"http:\/\/www.secret-air.net\/wordpress\/index.php?rest_route=\/wp\/v2\/users\/1"}],"replies":[{"embeddable":true,"href":"http:\/\/www.secret-air.net\/wordpress\/index.php?rest_route=%2Fwp%2Fv2%2Fcomments&post=1387"}],"version-history":[{"count":5,"href":"http:\/\/www.secret-air.net\/wordpress\/index.php?rest_route=\/wp\/v2\/pages\/1387\/revisions"}],"predecessor-version":[{"id":1573,"href":"http:\/\/www.secret-air.net\/wordpress\/index.php?rest_route=\/wp\/v2\/pages\/1387\/revisions\/1573"}],"wp:attachment":[{"href":"http:\/\/www.secret-air.net\/wordpress\/index.php?rest_route=%2Fwp%2Fv2%2Fmedia&parent=1387"}],"curies":[{"name":"wp","href":"https:\/\/api.w.org\/{rel}","templated":true}]}}