{"id":1381,"date":"2014-03-05T12:15:56","date_gmt":"2014-03-05T11:15:56","guid":{"rendered":"http:\/\/www.secret-air.net\/wordpress\/?page_id=1381"},"modified":"2015-05-07T07:48:24","modified_gmt":"2015-05-07T06:48:24","slug":"qui-suis-je","status":"publish","type":"page","link":"http:\/\/www.secret-air.net\/wordpress\/?page_id=1381","title":{"rendered":"Qui suis-je ?"},"content":{"rendered":"<div class=\"art-content-layout\">\n<div class=\"art-content-layout-row\">\n<div class=\"art-layout-cell layout-item-0\" style=\"width: 100%;\">\n<h3><span style=\"font-family: Georgia; font-size: 14px; font-weight: bold;\">Avec 20 ans d\u2019exp\u00e9rience d\u2019assistance de direction dans diff\u00e9rents secteurs d\u2019activit\u00e9s, je me propose de mettre \u00e0 votre disposition mes comp\u00e9tences et mes qualit\u00e9s afin de simplifier votre quotidien.<\/span><\/h3>\n<div id=\"attachment_1511\" style=\"width: 585px\" class=\"wp-caption aligncenter\"><a href=\"http:\/\/www.secret-air.net\/wordpress\/wp-content\/uploads\/2014\/03\/Karine-Secr\u00e9t.@ir-1.jpg\"><img aria-describedby=\"caption-attachment-1511\" loading=\"lazy\" class=\" wp-image-1511     \" alt=\"Karine Delevall\u00e9 Secr\u00e9t'@ir\" src=\"http:\/\/www.secret-air.net\/wordpress\/wp-content\/uploads\/2014\/03\/Karine-Secr\u00e9t.@ir-1-1024x682.jpg\" width=\"575\" height=\"382\" srcset=\"http:\/\/www.secret-air.net\/wordpress\/wp-content\/uploads\/2014\/03\/Karine-Secr\u00e9t.@ir-1-1024x682.jpg 1024w, http:\/\/www.secret-air.net\/wordpress\/wp-content\/uploads\/2014\/03\/Karine-Secr\u00e9t.@ir-1-300x200.jpg 300w\" sizes=\"(max-width: 575px) 100vw, 575px\" \/><\/a><p id=\"caption-attachment-1511\" class=\"wp-caption-text\">Karine Delevall\u00e9 Secr\u00e9t&rsquo;@ir Ved\u00e8ne, Vaucluse<\/p><\/div>\n<h3><\/h3>\n<h3><\/h3>\n<p>&nbsp;<\/p>\n<ul>\n<li style=\"text-align: left;\"><span style=\"font-weight: bold; font-family: 'Times New Roman'; font-size: 16px;\">\u00a0Polyvalence,<\/span>\n<ul>\n<li><span style=\"font-weight: bold; font-family: 'Times New Roman'; font-size: 16px;\">R\u00e9activit\u00e9,<\/span>\n<ul>\n<li><span style=\"font-weight: bold; font-family: 'Times New Roman'; font-size: 16px;\">Adaptabilit\u00e9,<\/span>\n<ul>\n<li><span style=\"font-weight: bold; font-family: 'Times New Roman'; font-size: 16px;\">Autonomie,<\/span>\n<ul>\n<li><span style=\"font-weight: bold; font-family: 'Times New Roman'; font-size: 16px;\">Efficacit\u00e9,<\/span>\n<ul>\n<li><span style=\"font-weight: bold; font-family: 'Times New Roman'; font-size: 16px;\">Confidentialit\u00e9,<\/span>\n<ul>\n<li><span style=\"font-weight: bold; font-family: 'Times New Roman'; font-size: 16px;\">Et Anglais courant.<\/span><\/li>\n<\/ul>\n<\/li>\n<\/ul>\n<\/li>\n<\/ul>\n<\/li>\n<\/ul>\n<\/li>\n<\/ul>\n<\/li>\n<\/ul>\n<\/li>\n<\/ul>\n<p style=\"line-height: 19px; text-align: center;\"><span style=\"font-size: 16px;\">\u00a0<a href=\"http:\/\/www.secret-air.net\/wordpress\/wp-content\/uploads\/2014\/03\/cv-karine-delevalle.pdf\"><img loading=\"lazy\" class=\"aligncenter size-full wp-image-1492\" alt=\"cv-Karine-Delevalle\" src=\"http:\/\/www.secret-air.net\/wordpress\/wp-content\/uploads\/2015\/04\/cv-karine-delevalle.jpg\" width=\"71\" height=\"71\" \/><\/a><\/span><\/p>\n<h3><span style=\"font-family: Georgia; font-size: 14px;\">Ils m&rsquo;ont fait confiance&#8230;<\/span><\/h3>\n<h3><span style=\"font-size: 14px;\"><span style=\"font-family: Georgia;\">\u00a0<\/span><span style=\"font-family: Georgia;\">Lettres\u00a0de recommandation (<em>cliquer sur le logo d\u00e9sir\u00e9<\/em>)<\/span><\/span><\/h3>\n<p style=\"color: #333333; font-family: Georgia, 'Times New Roman', 'Bitstream Charter', Times, serif; line-height: 19px; text-align: center;\"><a href=\"http:\/\/www.secret-air.net\/wordpress\/wp-content\/uploads\/2014\/03\/recommandation-upc-karine-delevalle.pdf\"><img loading=\"lazy\" class=\"size-full wp-image-963 alignnone\" alt=\"karine-delevalle-upc-noos\" src=\"http:\/\/www.secret-air.net\/wordpress\/wp-content\/uploads\/2014\/01\/karine-delevalle-upc-noos.jpg\" width=\"114\" height=\"62\" \/><\/a>\u00a0<a href=\"http:\/\/www.secret-air.net\/wordpress\/wp-content\/uploads\/2013\/11\/cv-karine-delevalle.pdf\">\u00a0<\/a><a href=\"http:\/\/www.secret-air.net\/wordpress\/wp-content\/uploads\/2014\/03\/recommandation-selectour-karine-delevalle.pdf\"><img loading=\"lazy\" class=\"aligncenter size-full wp-image-969\" alt=\"karine-delevalle-selectour\" src=\"http:\/\/www.secret-air.net\/wordpress\/wp-content\/uploads\/2014\/01\/logo-selectour.jpg\" width=\"208\" height=\"147\" \/><\/a><\/p>\n<\/div>\n<\/div>\n<\/div>\n<div class=\"art-content-layout\"><\/div>\n<div class=\"art-content-layout\">\n<div class=\"art-content-layout-row\">\n<div class=\"art-layout-cell layout-item-1\" style=\"width: 100%;\">\n<p>&nbsp;<\/p>\n<\/div>\n<\/div>\n<\/div>\n","protected":false},"excerpt":{"rendered":"<p class=\"qua-blog-post-description\">Avec 20 ans d\u2019exp\u00e9rience d\u2019assistance de direction dans diff\u00e9rents secteurs d\u2019activit\u00e9s, je me propose de mettre \u00e0 votre disposition mes comp\u00e9tences et mes qualit\u00e9s afin de simplifier votre quotidien. &nbsp; \u00a0Polyvalence, R\u00e9activit\u00e9, Adaptabilit\u00e9, Autonomie, Efficacit\u00e9, Confidentialit\u00e9, Et Anglais courant. \u00a0 Ils m&rsquo;ont fait confiance&#8230; \u00a0Lettres\u00a0de recommandation (cliquer sur le logo d\u00e9sir\u00e9) \u00a0\u00a0 &nbsp;<\/p>\n","protected":false},"author":1,"featured_media":0,"parent":0,"menu_order":4,"comment_status":"closed","ping_status":"open","template":"","meta":[],"_links":{"self":[{"href":"http:\/\/www.secret-air.net\/wordpress\/index.php?rest_route=\/wp\/v2\/pages\/1381"}],"collection":[{"href":"http:\/\/www.secret-air.net\/wordpress\/index.php?rest_route=\/wp\/v2\/pages"}],"about":[{"href":"http:\/\/www.secret-air.net\/wordpress\/index.php?rest_route=\/wp\/v2\/types\/page"}],"author":[{"embeddable":true,"href":"http:\/\/www.secret-air.net\/wordpress\/index.php?rest_route=\/wp\/v2\/users\/1"}],"replies":[{"embeddable":true,"href":"http:\/\/www.secret-air.net\/wordpress\/index.php?rest_route=%2Fwp%2Fv2%2Fcomments&post=1381"}],"version-history":[{"count":12,"href":"http:\/\/www.secret-air.net\/wordpress\/index.php?rest_route=\/wp\/v2\/pages\/1381\/revisions"}],"predecessor-version":[{"id":1512,"href":"http:\/\/www.secret-air.net\/wordpress\/index.php?rest_route=\/wp\/v2\/pages\/1381\/revisions\/1512"}],"wp:attachment":[{"href":"http:\/\/www.secret-air.net\/wordpress\/index.php?rest_route=%2Fwp%2Fv2%2Fmedia&parent=1381"}],"curies":[{"name":"wp","href":"https:\/\/api.w.org\/{rel}","templated":true}]}}