{"id":1378,"date":"2014-03-05T12:15:54","date_gmt":"2014-03-05T11:15:54","guid":{"rendered":"http:\/\/www.secret-air.net\/wordpress\/?page_id=1378"},"modified":"2021-01-13T17:00:19","modified_gmt":"2021-01-13T16:00:19","slug":"fonctionnement","status":"publish","type":"page","link":"http:\/\/www.secret-air.net\/wordpress\/?page_id=1378","title":{"rendered":"Fonctionnement"},"content":{"rendered":"<div class=\"art-content-layout\">\n<div class=\"art-content-layout-row\">\n<div class=\"art-layout-cell layout-item-0\" style=\"width: 100%;\">\n<p style=\"text-align: justify;\"><span style=\"font-family: Georgia; font-size: 14px; font-weight: bold;\">Vous me contactez soit par courriel soit \u00e0 l&rsquo;aide du formulaire \u00ab\u00a0demande de devis\u00a0\u00bb, soit par t\u00e9l\u00e9phone pour m&rsquo;exposer vos besoins.\u00a0<\/span><\/p>\n<p style=\"text-align: justify;\"><span style=\"font-family: Georgia; font-size: 14px; font-weight: bold;\">\u00a0Je vous adresse un devis gratuit et d\u00e9taill\u00e9 par le moyen de communication de votre choix. Le devis est valable 30 jours \u00e0 compter de sa date d&rsquo;\u00e9mission. Vous me retournez un exemplaire du devis avec la mention manuscrite \u00ab\u00a0bon pour accord\u00a0\u00bb, dat\u00e9 et sign\u00e9 et accompagn\u00e9 d&rsquo;un ch\u00e8que d&rsquo;acompte de 30 % du montant total.\u00a0<\/span><\/p>\n<p style=\"text-align: justify;\"><span style=\"font-family: Georgia; font-size: 14px; font-weight: bold;\">\u00a0Les conditions g\u00e9n\u00e9rales de ventes sont jointes au devis et doivent \u00eatre retourn\u00e9es sign\u00e9es avec le devis accept\u00e9.\u00a0<\/span><\/p>\n<p style=\"text-align: justify;\"><span style=\"font-family: Georgia; font-size: 14px; font-weight: bold;\">\u00a0Je me d\u00e9place ou vous m&rsquo;adressez par courriel ou courrier postal tous les \u00e9l\u00e9ments et supports n\u00e9cessaires \u00e0 la bonne r\u00e9alisation de la mission.\u00a0<\/span><\/p>\n<p style=\"text-align: justify;\"><span style=\"font-family: Georgia; font-size: 14px; font-weight: bold;\">\u00a0Les travaux ex\u00e9cut\u00e9s vous sont restitu\u00e9s selon les modaliti\u00e9s convenues. Nous pouvons proc\u00e9der \u00e0 d&rsquo;\u00e9ventuelles corrections si elles sont formul\u00e9es dans un d\u00e9lai de 48 heures. Pass\u00e9 ce d\u00e9lai, les travaux sont consid\u00e9r\u00e9s approuv\u00e9s par vos soins.\u00a0<\/span><\/p>\n<p style=\"text-align: justify;\"><span style=\"font-family: Georgia; font-size: 14px; font-weight: bold;\">\u00a0A la fin de la mission, je vous adresse la facture par mail ou par courrier postal. Le solde est \u00e0 r\u00e9gler par ch\u00e8que bancaire ou postal ou par virement bancaire \u00e0 r\u00e9ception.<\/span><\/p>\n<p style=\"text-align: center;\"><span style=\"font-family: Georgia; font-size: 14px; font-weight: bold;\">Chaque demande est particuli\u00e8re, chaque devis est donc personnalis\u00e9.<br \/>\n<\/span><\/p>\n<p style=\"text-align: center;\"><span style=\"font-family: Georgia; font-size: 14px; font-weight: bold;\">\u00a0<\/span><span style=\"font-family: Georgia; font-size: 14px; font-weight: bold;\">Tarifs d\u00e9gressifs selon la fr\u00e9quence et la nature des travaux.<\/span><\/p>\n<p style=\"text-align: center;\"><span style=\"font-family: Georgia; font-size: 14px; font-weight: bold;\">\u00a0<\/span><span style=\"font-family: Georgia; font-size: 14px; font-weight: bold;\">N&rsquo;h\u00e9sitez pas \u00e0 me contacter&#8230;<\/span><\/p>\n<p style=\"text-align: center;\"><span style=\"font-family: Georgia; font-size: 14px; font-weight: bold;\">\u00a0<\/span><\/p>\n<\/div>\n<\/div>\n<\/div>\n","protected":false},"excerpt":{"rendered":"<p class=\"qua-blog-post-description\">Vous me contactez soit par courriel soit \u00e0 l&rsquo;aide du formulaire \u00ab\u00a0demande de devis\u00a0\u00bb, soit par t\u00e9l\u00e9phone pour m&rsquo;exposer vos besoins.\u00a0 \u00a0Je vous adresse un devis gratuit et d\u00e9taill\u00e9 par le moyen de communication de votre choix. Le devis est valable 30 jours \u00e0 compter de sa date d&rsquo;\u00e9mission. Vous me retournez un exemplaire du<\/p>\n<p class=\"qua-blog-post-description\"><a href=\"http:\/\/www.secret-air.net\/wordpress\/?page_id=1378#more-1378\" class=\"more-link\">Lire la suite<\/a><\/p>\n","protected":false},"author":1,"featured_media":0,"parent":1376,"menu_order":2,"comment_status":"closed","ping_status":"open","template":"","meta":[],"_links":{"self":[{"href":"http:\/\/www.secret-air.net\/wordpress\/index.php?rest_route=\/wp\/v2\/pages\/1378"}],"collection":[{"href":"http:\/\/www.secret-air.net\/wordpress\/index.php?rest_route=\/wp\/v2\/pages"}],"about":[{"href":"http:\/\/www.secret-air.net\/wordpress\/index.php?rest_route=\/wp\/v2\/types\/page"}],"author":[{"embeddable":true,"href":"http:\/\/www.secret-air.net\/wordpress\/index.php?rest_route=\/wp\/v2\/users\/1"}],"replies":[{"embeddable":true,"href":"http:\/\/www.secret-air.net\/wordpress\/index.php?rest_route=%2Fwp%2Fv2%2Fcomments&post=1378"}],"version-history":[{"count":2,"href":"http:\/\/www.secret-air.net\/wordpress\/index.php?rest_route=\/wp\/v2\/pages\/1378\/revisions"}],"predecessor-version":[{"id":1560,"href":"http:\/\/www.secret-air.net\/wordpress\/index.php?rest_route=\/wp\/v2\/pages\/1378\/revisions\/1560"}],"up":[{"embeddable":true,"href":"http:\/\/www.secret-air.net\/wordpress\/index.php?rest_route=\/wp\/v2\/pages\/1376"}],"wp:attachment":[{"href":"http:\/\/www.secret-air.net\/wordpress\/index.php?rest_route=%2Fwp%2Fv2%2Fmedia&parent=1378"}],"curies":[{"name":"wp","href":"https:\/\/api.w.org\/{rel}","templated":true}]}}