{"id":1376,"date":"2014-03-05T12:15:53","date_gmt":"2014-03-05T11:15:53","guid":{"rendered":"http:\/\/www.secret-air.net\/wordpress\/?page_id=1376"},"modified":"2021-01-13T17:16:06","modified_gmt":"2021-01-13T16:16:06","slug":"new-page","status":"publish","type":"page","link":"http:\/\/www.secret-air.net\/wordpress\/","title":{"rendered":"Le secr\u00e9tariat \u00e0 la carte&#8230; Notre savoir-faire au service du v\u00f4tre !"},"content":{"rendered":"\n<p><\/p>\n\n\n<div class=\"art-content-layout layout-item-0\">\n<div class=\"art-content-layout-row\">\n<div class=\"art-layout-cell layout-item-1\" style=\"width: 100%;\"><a href=\"http:\/\/www.secret-air.net\/wordpress\/wp-content\/uploads\/2021\/01\/secretaire-image-3.jpg\"><img loading=\"lazy\" class=\"size-full wp-image-1565 aligncenter\" src=\"http:\/\/www.secret-air.net\/wordpress\/wp-content\/uploads\/2021\/01\/secretaire-image-3.jpg\" alt=\"\" width=\"259\" height=\"194\" \/><\/a><\/div>\n<\/div>\n<\/div>\n<div class=\"art-content-layout layout-item-2\">\n<div class=\"art-content-layout-row\">\n<div id=\"comp-k37ar0kv\" class=\"_1Z_nJ animating-screenIn-exit\" data-testid=\"richTextElement\" data-angle=\"0\" data-angle-style-location=\"style\">\n<p class=\"font_8\" style=\"text-align: center;\"><span style=\"font-size: inherit; text-align: center;\">Secr\u00e9taire ind\u00e9pendante depuis 2013, Karine Delevall\u00e9 met ses comp\u00e9tences et son exp\u00e9rience au service des entreprises locales : TPE, artisan, commer\u00e7ant, agriculteur, profession lib\u00e9rale\u2026<\/span><\/p>\n<\/div>\n<\/div>\n<\/div>\n\n\n<h3><strong>Pour quoi ?<\/strong><\/h3>\n\n\n\n<p><strong>Besoins ponctuels ou r\u00e9guliers : Surcharge de travail, Remplacement de votre secr\u00e9taire, (cong\u00e9s, maladie, maternit\u00e9\u2026).<\/strong><\/p>\n\n\n\n<p><strong>Vous ne souhaitez pas embaucher ou n\u2019avez pas l\u2019\u00e9quipement informatique.<\/strong><\/p>\n","protected":false},"excerpt":{"rendered":"<p class=\"qua-blog-post-description\">Secr\u00e9taire ind\u00e9pendante depuis 2013, Karine Delevall\u00e9 met ses comp\u00e9tences et son exp\u00e9rience au service des entreprises locales : TPE, artisan, commer\u00e7ant, agriculteur, profession lib\u00e9rale\u2026 Pour quoi ? Besoins ponctuels ou r\u00e9guliers : Surcharge de travail, Remplacement de votre secr\u00e9taire, (cong\u00e9s, maladie, maternit\u00e9\u2026). Vous ne souhaitez pas embaucher ou n\u2019avez pas l\u2019\u00e9quipement informatique.<\/p>\n","protected":false},"author":1,"featured_media":0,"parent":0,"menu_order":1,"comment_status":"closed","ping_status":"open","template":"","meta":[],"_links":{"self":[{"href":"http:\/\/www.secret-air.net\/wordpress\/index.php?rest_route=\/wp\/v2\/pages\/1376"}],"collection":[{"href":"http:\/\/www.secret-air.net\/wordpress\/index.php?rest_route=\/wp\/v2\/pages"}],"about":[{"href":"http:\/\/www.secret-air.net\/wordpress\/index.php?rest_route=\/wp\/v2\/types\/page"}],"author":[{"embeddable":true,"href":"http:\/\/www.secret-air.net\/wordpress\/index.php?rest_route=\/wp\/v2\/users\/1"}],"replies":[{"embeddable":true,"href":"http:\/\/www.secret-air.net\/wordpress\/index.php?rest_route=%2Fwp%2Fv2%2Fcomments&post=1376"}],"version-history":[{"count":6,"href":"http:\/\/www.secret-air.net\/wordpress\/index.php?rest_route=\/wp\/v2\/pages\/1376\/revisions"}],"predecessor-version":[{"id":1567,"href":"http:\/\/www.secret-air.net\/wordpress\/index.php?rest_route=\/wp\/v2\/pages\/1376\/revisions\/1567"}],"wp:attachment":[{"href":"http:\/\/www.secret-air.net\/wordpress\/index.php?rest_route=%2Fwp%2Fv2%2Fmedia&parent=1376"}],"curies":[{"name":"wp","href":"https:\/\/api.w.org\/{rel}","templated":true}]}}